{"id":1168,"date":"2022-03-18T20:26:39","date_gmt":"2022-03-18T19:26:39","guid":{"rendered":"https:\/\/test.trogir-bonaria.com\/apartment-levanat\/"},"modified":"2022-05-08T15:03:56","modified_gmt":"2022-05-08T14:03:56","slug":"apartman-levanat","status":"publish","type":"page","link":"https:\/\/www.trogir-bonaria.com\/hr\/apartman-levanat\/","title":{"rendered":"Apartman LEVANAT"},"content":{"rendered":"<ul>\n<li>6 osoba<\/li>\n<li>2 spava\u0107e sobe<\/li>\n<li>6 le\u017eaja<\/li>\n<li>1 kupaonica<\/li>\n<li>veli\u010dina 75 m<sup>2<\/sup><\/li>\n<li>prostor za dru\u017eenje 15 m<sup>2<\/sup><\/li>\n<\/ul>\n<p>Apartman <strong>Levant<\/strong> (isto\u010dni vjetar) nalazi se u prizemlju Vile Bonarie, tik uz bazen. Ima dvije spava\u0107e sobe: jednu opremljenu bra\u010dnim krevetom i drugu dvokrevetnu sobu, kupaonicu, moderni dnevni boravak i blagovaonicu, kuhinju te vanjsku terasu za opu\u0161tanje uz bazen. Do terase se nalazi dje\u010dji kutak u kojem va\u0161a djeca mogu nesmetano u\u017eivati, tik uz vas. Vila Bonaria okru\u017eena je \u0161umom \u0161to vam omogu\u0107uje da istovremeno u\u017eivate u zalasku sunca u more koji oduzima dah i slu\u0161ate pjev ptica. Svi na\u0161i gosti mogu koristiti perilicu rublja koja se nalaze u praonici rublja, u prizemlju.<\/p>\n<p>Sofa na razvla\u010denje u dnevnom boravku \u010dini ovaj apartman savr\u0161enim za parove s djecom. Pogodan je za 4+2 osobe.<\/p>\n","protected":false},"excerpt":{"rendered":"<p>6 osoba 2 spava\u0107e sobe 6 le\u017eaja 1 kupaonica veli\u010dina 75 m2 prostor za dru\u017eenje 15 m2 Apartman Levant (isto\u010dni vjetar) nalazi se u prizemlju Vile Bonarie, tik uz bazen. Ima dvije spava\u0107e sobe: jednu opremljenu bra\u010dnim krevetom i drugu dvokrevetnu sobu, kupaonicu, moderni dnevni boravak i blagovaonicu, kuhinju te vanjsku terasu za opu\u0161tanje uz [&hellip;]<\/p>\n","protected":false},"author":1,"featured_media":0,"parent":0,"menu_order":-5,"comment_status":"closed","ping_status":"closed","template":"page-apartment.php","meta":{"_acf_changed":false,"footnotes":""},"class_list":["post-1168","page","type-page","status-publish","hentry"],"acf":[],"yoast_head":"<!-- This site is optimized with the Yoast SEO plugin v27.4 - https:\/\/yoast.com\/product\/yoast-seo-wordpress\/ -->\n<title>Apartman LEVANAT - Bonaria Trogir - Vila s apartmanima<\/title>\n<meta name=\"robots\" content=\"index, follow, max-snippet:-1, max-image-preview:large, max-video-preview:-1\" \/>\n<link rel=\"canonical\" href=\"https:\/\/www.trogir-bonaria.com\/hr\/apartman-levanat\/\" \/>\n<meta property=\"og:locale\" content=\"hr_HR\" \/>\n<meta property=\"og:type\" content=\"article\" \/>\n<meta property=\"og:title\" content=\"Apartman LEVANAT - Bonaria Trogir - Vila s apartmanima\" \/>\n<meta property=\"og:description\" content=\"6 osoba 2 spava\u0107e sobe 6 le\u017eaja 1 kupaonica veli\u010dina 75 m2 prostor za dru\u017eenje 15 m2 Apartman Levant (isto\u010dni vjetar) nalazi se u prizemlju Vile Bonarie, tik uz bazen. Ima dvije spava\u0107e sobe: jednu opremljenu bra\u010dnim krevetom i drugu dvokrevetnu sobu, kupaonicu, moderni dnevni boravak i blagovaonicu, kuhinju te vanjsku terasu za opu\u0161tanje uz [&hellip;]\" \/>\n<meta property=\"og:url\" content=\"https:\/\/www.trogir-bonaria.com\/hr\/apartman-levanat\/\" \/>\n<meta property=\"og:site_name\" content=\"Bonaria Trogir - Vila s apartmanima\" \/>\n<meta property=\"article:modified_time\" content=\"2022-05-08T14:03:56+00:00\" \/>\n<meta name=\"twitter:card\" content=\"summary_large_image\" \/>\n<meta name=\"twitter:label1\" content=\"Procijenjeno vrijeme \u010ditanja\" \/>\n\t<meta name=\"twitter:data1\" content=\"1 minuta\" \/>\n<script type=\"application\/ld+json\" class=\"yoast-schema-graph\">{\"@context\":\"https:\\\/\\\/schema.org\",\"@graph\":[{\"@type\":\"WebPage\",\"@id\":\"https:\\\/\\\/www.trogir-bonaria.com\\\/hr\\\/apartman-levanat\\\/\",\"url\":\"https:\\\/\\\/www.trogir-bonaria.com\\\/hr\\\/apartman-levanat\\\/\",\"name\":\"Apartman LEVANAT - Bonaria Trogir - Vila s apartmanima\",\"isPartOf\":{\"@id\":\"https:\\\/\\\/www.trogir-bonaria.com\\\/hr\\\/#website\"},\"datePublished\":\"2022-03-18T19:26:39+00:00\",\"dateModified\":\"2022-05-08T14:03:56+00:00\",\"breadcrumb\":{\"@id\":\"https:\\\/\\\/www.trogir-bonaria.com\\\/hr\\\/apartman-levanat\\\/#breadcrumb\"},\"inLanguage\":\"hr\",\"potentialAction\":[{\"@type\":\"ReadAction\",\"target\":[\"https:\\\/\\\/www.trogir-bonaria.com\\\/hr\\\/apartman-levanat\\\/\"]}]},{\"@type\":\"BreadcrumbList\",\"@id\":\"https:\\\/\\\/www.trogir-bonaria.com\\\/hr\\\/apartman-levanat\\\/#breadcrumb\",\"itemListElement\":[{\"@type\":\"ListItem\",\"position\":1,\"name\":\"Home\",\"item\":\"https:\\\/\\\/www.trogir-bonaria.com\\\/hr\\\/home\\\/\"},{\"@type\":\"ListItem\",\"position\":2,\"name\":\"Apartman LEVANAT\"}]},{\"@type\":\"WebSite\",\"@id\":\"https:\\\/\\\/www.trogir-bonaria.com\\\/hr\\\/#website\",\"url\":\"https:\\\/\\\/www.trogir-bonaria.com\\\/hr\\\/\",\"name\":\"Bonaria Trogir - Vila s apartmanima\",\"description\":\"\",\"potentialAction\":[{\"@type\":\"SearchAction\",\"target\":{\"@type\":\"EntryPoint\",\"urlTemplate\":\"https:\\\/\\\/www.trogir-bonaria.com\\\/hr\\\/?s={search_term_string}\"},\"query-input\":{\"@type\":\"PropertyValueSpecification\",\"valueRequired\":true,\"valueName\":\"search_term_string\"}}],\"inLanguage\":\"hr\"}]}<\/script>\n<!-- \/ Yoast SEO plugin. -->","yoast_head_json":{"title":"Apartman LEVANAT - Bonaria Trogir - Vila s apartmanima","robots":{"index":"index","follow":"follow","max-snippet":"max-snippet:-1","max-image-preview":"max-image-preview:large","max-video-preview":"max-video-preview:-1"},"canonical":"https:\/\/www.trogir-bonaria.com\/hr\/apartman-levanat\/","og_locale":"hr_HR","og_type":"article","og_title":"Apartman LEVANAT - Bonaria Trogir - Vila s apartmanima","og_description":"6 osoba 2 spava\u0107e sobe 6 le\u017eaja 1 kupaonica veli\u010dina 75 m2 prostor za dru\u017eenje 15 m2 Apartman Levant (isto\u010dni vjetar) nalazi se u prizemlju Vile Bonarie, tik uz bazen. Ima dvije spava\u0107e sobe: jednu opremljenu bra\u010dnim krevetom i drugu dvokrevetnu sobu, kupaonicu, moderni dnevni boravak i blagovaonicu, kuhinju te vanjsku terasu za opu\u0161tanje uz [&hellip;]","og_url":"https:\/\/www.trogir-bonaria.com\/hr\/apartman-levanat\/","og_site_name":"Bonaria Trogir - Vila s apartmanima","article_modified_time":"2022-05-08T14:03:56+00:00","twitter_card":"summary_large_image","twitter_misc":{"Procijenjeno vrijeme \u010ditanja":"1 minuta"},"schema":{"@context":"https:\/\/schema.org","@graph":[{"@type":"WebPage","@id":"https:\/\/www.trogir-bonaria.com\/hr\/apartman-levanat\/","url":"https:\/\/www.trogir-bonaria.com\/hr\/apartman-levanat\/","name":"Apartman LEVANAT - Bonaria Trogir - Vila s apartmanima","isPartOf":{"@id":"https:\/\/www.trogir-bonaria.com\/hr\/#website"},"datePublished":"2022-03-18T19:26:39+00:00","dateModified":"2022-05-08T14:03:56+00:00","breadcrumb":{"@id":"https:\/\/www.trogir-bonaria.com\/hr\/apartman-levanat\/#breadcrumb"},"inLanguage":"hr","potentialAction":[{"@type":"ReadAction","target":["https:\/\/www.trogir-bonaria.com\/hr\/apartman-levanat\/"]}]},{"@type":"BreadcrumbList","@id":"https:\/\/www.trogir-bonaria.com\/hr\/apartman-levanat\/#breadcrumb","itemListElement":[{"@type":"ListItem","position":1,"name":"Home","item":"https:\/\/www.trogir-bonaria.com\/hr\/home\/"},{"@type":"ListItem","position":2,"name":"Apartman LEVANAT"}]},{"@type":"WebSite","@id":"https:\/\/www.trogir-bonaria.com\/hr\/#website","url":"https:\/\/www.trogir-bonaria.com\/hr\/","name":"Bonaria Trogir - Vila s apartmanima","description":"","potentialAction":[{"@type":"SearchAction","target":{"@type":"EntryPoint","urlTemplate":"https:\/\/www.trogir-bonaria.com\/hr\/?s={search_term_string}"},"query-input":{"@type":"PropertyValueSpecification","valueRequired":true,"valueName":"search_term_string"}}],"inLanguage":"hr"}]}},"_links":{"self":[{"href":"https:\/\/www.trogir-bonaria.com\/hr\/wp-json\/wp\/v2\/pages\/1168","targetHints":{"allow":["GET"]}}],"collection":[{"href":"https:\/\/www.trogir-bonaria.com\/hr\/wp-json\/wp\/v2\/pages"}],"about":[{"href":"https:\/\/www.trogir-bonaria.com\/hr\/wp-json\/wp\/v2\/types\/page"}],"author":[{"embeddable":true,"href":"https:\/\/www.trogir-bonaria.com\/hr\/wp-json\/wp\/v2\/users\/1"}],"replies":[{"embeddable":true,"href":"https:\/\/www.trogir-bonaria.com\/hr\/wp-json\/wp\/v2\/comments?post=1168"}],"version-history":[{"count":3,"href":"https:\/\/www.trogir-bonaria.com\/hr\/wp-json\/wp\/v2\/pages\/1168\/revisions"}],"predecessor-version":[{"id":1244,"href":"https:\/\/www.trogir-bonaria.com\/hr\/wp-json\/wp\/v2\/pages\/1168\/revisions\/1244"}],"wp:attachment":[{"href":"https:\/\/www.trogir-bonaria.com\/hr\/wp-json\/wp\/v2\/media?parent=1168"}],"curies":[{"name":"wp","href":"https:\/\/api.w.org\/{rel}","templated":true}]}}